{"id":30,"date":"2026-03-02T17:10:20","date_gmt":"2026-03-02T17:10:20","guid":{"rendered":"https:\/\/vzn.fvr.mybluehost.me\/website_44ec78bc\/registry\/"},"modified":"2026-03-14T02:57:42","modified_gmt":"2026-03-14T02:57:42","slug":"registry","status":"publish","type":"page","link":"https:\/\/starandsam.com\/es\/registry\/","title":{"rendered":"Lista de Regalos"},"content":{"rendered":"<div class=\"wp-block-cover alignfull has-custom-content-position is-position-bottom-center\"><img data-recalc-dims=\"1\" decoding=\"async\" width=\"1024\" height=\"572\" loading=\"lazy\" class=\"wp-block-cover__image-background wp-image-318 size-full\" alt=\"\" src=\"https:\/\/i0.wp.com\/starandsam.com\/wp-content\/uploads\/2026\/03\/star-gift-3.jpg?resize=1024%2C572&#038;ssl=1\" data-object-fit=\"cover\" srcset=\"https:\/\/i0.wp.com\/starandsam.com\/wp-content\/uploads\/2026\/03\/star-gift-3.jpg?w=1024&amp;ssl=1 1024w, https:\/\/i0.wp.com\/starandsam.com\/wp-content\/uploads\/2026\/03\/star-gift-3.jpg?resize=300%2C168&amp;ssl=1 300w, https:\/\/i0.wp.com\/starandsam.com\/wp-content\/uploads\/2026\/03\/star-gift-3.jpg?resize=768%2C429&amp;ssl=1 768w, https:\/\/i0.wp.com\/starandsam.com\/wp-content\/uploads\/2026\/03\/star-gift-3.jpg?resize=18%2C10&amp;ssl=1 18w\" sizes=\"auto, (max-width: 1000px) 100vw, 1000px\" \/><span aria-hidden=\"true\" class=\"wp-block-cover__background has-background-dim wp-block-cover__gradient-background has-background-gradient\" style=\"background:linear-gradient(351deg,rgb(0,0,0) 0%,rgba(0,0,0,0.22) 32%,rgba(250,250,250,0) 100%)\"><\/span><div class=\"wp-block-cover__inner-container is-layout-flow wp-block-cover-is-layout-flow\">\n<h1 class=\"wp-block-heading has-text-align-center has-x-large-font-size\" style=\"font-style:normal;font-weight:700\">Lista de Regalos<\/h1>\n<\/div><\/div>\n\n\n\n<div style=\"height:var(--wp--preset--spacing--40)\" aria-hidden=\"true\" class=\"wp-block-spacer\"><\/div>\n\n\n\n<p class=\"has-text-align-center\">\u00a1Estamos muy emocionados de celebrar con ustedes! Tener a todas nuestras personas favoritas reunidas en un lugar es el mejor regalo que podr\u00edamos pedir. <strong>No es necesario traer regalos,<\/strong> ero se agradecen. Si desean ayudarnos a mejorar nuestra casa o contribuir econ\u00f3micamente, pueden encontrar nuestra lista de regalos en el enlace abajo. Tambi\u00e9n habr\u00e1 una caja para tarjetas disponible en la boda.\nMuch\u00edsimas gracias por todo el amor!<\/p>\n\n\n\n<div style=\"height:var(--wp--preset--spacing--30)\" aria-hidden=\"true\" class=\"wp-block-spacer\"><\/div>\n\n\n\n<p class=\"has-text-align-center  gbvc-hide-on-mobile gbvc-hide-on-tablet gbvc-hide-on-desktop\">Usar contrase\u00f1a del registro de regalos: <strong>StarAndSamForever<\/strong><\/p>\n\n\n\n<div class=\"wp-block-buttons is-content-justification-center is-layout-flex wp-container-core-buttons-is-layout-a89b3969 wp-block-buttons-is-layout-flex\">\n<div class=\"wp-block-button\"><a class=\"wp-block-button__link wp-element-button\" href=\"https:\/\/www.myregistry.com\/wedding-registry\/samuel-santana-and-star-illingworth-indio-ca\/5344417\">Ver Nuestra Lista<\/a><\/div>\n<\/div>\n\n\n\n<div class=\"wp-block-group  gbvc-hide-on-mobile gbvc-hide-on-tablet gbvc-hide-on-desktop has-global-padding is-layout-constrained wp-block-group-is-layout-constrained\">\n<div style=\"margin-top:0;margin-bottom:0;height:20px\" aria-hidden=\"true\" class=\"wp-block-spacer\"><\/div>\n\n\n\n<p class=\"has-text-align-center has-medium-font-size\"><em>Para aquellos que lo prefieran, tambi\u00e9n est\u00e1 disponible un fondo para la luna de miel a trav\u00e9s del enlace de arriba.<\/em><\/p>\n<\/div>","protected":false},"excerpt":{"rendered":"<p>We are incredibly excited to celebrate with you! Having all of our favorite people in one room is the best present we could ask for. Please note that gifts are not required, but appreciated. If you would like to help us upgrade our home or contribute financially, you can find our registry at the link [&hellip;]<\/p>\n","protected":false},"author":1,"featured_media":0,"parent":0,"menu_order":0,"comment_status":"closed","ping_status":"closed","template":"page-no-title","meta":{"nf_dc_page":"registry","_monsterinsights_skip_tracking":false,"_monsterinsights_sitenote_active":false,"_monsterinsights_sitenote_note":"","_monsterinsights_sitenote_category":0,"footnotes":""},"class_list":["post-30","page","type-page","status-publish","hentry"],"yoast_head":"<!-- This site is optimized with the Yoast SEO plugin v27.5 - https:\/\/yoast.com\/product\/yoast-seo-wordpress\/ -->\n<title>Registry - Star &amp; Samuel<\/title>\n<meta name=\"robots\" content=\"index, follow, max-snippet:-1, max-image-preview:large, max-video-preview:-1\" \/>\n<link rel=\"canonical\" href=\"https:\/\/starandsam.com\/es\/registry\/\" \/>\n<meta property=\"og:locale\" content=\"es_MX\" \/>\n<meta property=\"og:type\" content=\"article\" \/>\n<meta property=\"og:title\" content=\"Registry - Star &amp; Samuel\" \/>\n<meta property=\"og:description\" content=\"We are incredibly excited to celebrate with you! Having all of our favorite people in one room is the best present we could ask for. Please note that gifts are not required, but appreciated. If you would like to help us upgrade our home or contribute financially, you can find our registry at the link [&hellip;]\" \/>\n<meta property=\"og:url\" content=\"https:\/\/starandsam.com\/es\/registry\/\" \/>\n<meta property=\"og:site_name\" content=\"Star &amp; Samuel\" \/>\n<meta property=\"article:modified_time\" content=\"2026-03-14T02:57:42+00:00\" \/>\n<meta property=\"og:image\" content=\"https:\/\/starandsam.com\/wp-content\/uploads\/2026\/03\/star-gift-3.jpg\" \/>\n<meta name=\"twitter:card\" content=\"summary_large_image\" \/>\n<meta name=\"twitter:label1\" content=\"Tiempo de lectura\" \/>\n\t<meta name=\"twitter:data1\" content=\"3 minutos\" \/>\n<script type=\"application\/ld+json\" class=\"yoast-schema-graph\">{\"@context\":\"https:\\\/\\\/schema.org\",\"@graph\":[{\"@type\":\"WebPage\",\"@id\":\"https:\\\/\\\/starandsam.com\\\/registry\\\/\",\"url\":\"https:\\\/\\\/starandsam.com\\\/registry\\\/\",\"name\":\"Registry - Star &amp; Samuel\",\"isPartOf\":{\"@id\":\"https:\\\/\\\/starandsam.com\\\/#website\"},\"primaryImageOfPage\":{\"@id\":\"https:\\\/\\\/starandsam.com\\\/registry\\\/#primaryimage\"},\"image\":{\"@id\":\"https:\\\/\\\/starandsam.com\\\/registry\\\/#primaryimage\"},\"thumbnailUrl\":\"https:\\\/\\\/starandsam.com\\\/wp-content\\\/uploads\\\/2026\\\/03\\\/star-gift-3.jpg\",\"datePublished\":\"2026-03-02T17:10:20+00:00\",\"dateModified\":\"2026-03-14T02:57:42+00:00\",\"breadcrumb\":{\"@id\":\"https:\\\/\\\/starandsam.com\\\/registry\\\/#breadcrumb\"},\"inLanguage\":\"es\",\"potentialAction\":[{\"@type\":\"ReadAction\",\"target\":[\"https:\\\/\\\/starandsam.com\\\/registry\\\/\"]}]},{\"@type\":\"ImageObject\",\"inLanguage\":\"es\",\"@id\":\"https:\\\/\\\/starandsam.com\\\/registry\\\/#primaryimage\",\"url\":\"https:\\\/\\\/starandsam.com\\\/wp-content\\\/uploads\\\/2026\\\/03\\\/star-gift-3.jpg\",\"contentUrl\":\"https:\\\/\\\/starandsam.com\\\/wp-content\\\/uploads\\\/2026\\\/03\\\/star-gift-3.jpg\"},{\"@type\":\"BreadcrumbList\",\"@id\":\"https:\\\/\\\/starandsam.com\\\/registry\\\/#breadcrumb\",\"itemListElement\":[{\"@type\":\"ListItem\",\"position\":1,\"name\":\"Home\",\"item\":\"https:\\\/\\\/starandsam.com\\\/\"},{\"@type\":\"ListItem\",\"position\":2,\"name\":\"Registry\"}]},{\"@type\":\"WebSite\",\"@id\":\"https:\\\/\\\/starandsam.com\\\/#website\",\"url\":\"https:\\\/\\\/starandsam.com\\\/\",\"name\":\"Star &amp; Samuel\",\"description\":\"Join us in celebrating the love story of Star Illingworth and Samuel Santana. Explore our wedding details, photos, and registry information.\",\"publisher\":{\"@id\":\"https:\\\/\\\/starandsam.com\\\/#organization\"},\"potentialAction\":[{\"@type\":\"SearchAction\",\"target\":{\"@type\":\"EntryPoint\",\"urlTemplate\":\"https:\\\/\\\/starandsam.com\\\/?s={search_term_string}\"},\"query-input\":{\"@type\":\"PropertyValueSpecification\",\"valueRequired\":true,\"valueName\":\"search_term_string\"}}],\"inLanguage\":\"es\"},{\"@type\":\"Organization\",\"@id\":\"https:\\\/\\\/starandsam.com\\\/#organization\",\"name\":\"Star &amp; Samuel\",\"url\":\"https:\\\/\\\/starandsam.com\\\/\",\"logo\":{\"@type\":\"ImageObject\",\"inLanguage\":\"es\",\"@id\":\"https:\\\/\\\/starandsam.com\\\/#\\\/schema\\\/logo\\\/image\\\/\",\"url\":\"https:\\\/\\\/i0.wp.com\\\/starandsam.com\\\/wp-content\\\/uploads\\\/2026\\\/03\\\/EoJ0w3F-selected.png?fit=343%2C90&ssl=1\",\"contentUrl\":\"https:\\\/\\\/i0.wp.com\\\/starandsam.com\\\/wp-content\\\/uploads\\\/2026\\\/03\\\/EoJ0w3F-selected.png?fit=343%2C90&ssl=1\",\"width\":343,\"height\":90,\"caption\":\"Star &amp; Samuel\"},\"image\":{\"@id\":\"https:\\\/\\\/starandsam.com\\\/#\\\/schema\\\/logo\\\/image\\\/\"}}]}<\/script>\n<!-- \/ Yoast SEO plugin. -->","yoast_head_json":{"title":"Registry - Star &amp; Samuel","robots":{"index":"index","follow":"follow","max-snippet":"max-snippet:-1","max-image-preview":"max-image-preview:large","max-video-preview":"max-video-preview:-1"},"canonical":"https:\/\/starandsam.com\/es\/registry\/","og_locale":"es_MX","og_type":"article","og_title":"Registry - Star &amp; Samuel","og_description":"We are incredibly excited to celebrate with you! Having all of our favorite people in one room is the best present we could ask for. Please note that gifts are not required, but appreciated. If you would like to help us upgrade our home or contribute financially, you can find our registry at the link [&hellip;]","og_url":"https:\/\/starandsam.com\/es\/registry\/","og_site_name":"Star &amp; Samuel","article_modified_time":"2026-03-14T02:57:42+00:00","og_image":[{"url":"https:\/\/starandsam.com\/wp-content\/uploads\/2026\/03\/star-gift-3.jpg","type":"","width":"","height":""}],"twitter_card":"summary_large_image","twitter_misc":{"Tiempo de lectura":"3 minutos"},"schema":{"@context":"https:\/\/schema.org","@graph":[{"@type":"WebPage","@id":"https:\/\/starandsam.com\/registry\/","url":"https:\/\/starandsam.com\/registry\/","name":"Registry - Star &amp; Samuel","isPartOf":{"@id":"https:\/\/starandsam.com\/#website"},"primaryImageOfPage":{"@id":"https:\/\/starandsam.com\/registry\/#primaryimage"},"image":{"@id":"https:\/\/starandsam.com\/registry\/#primaryimage"},"thumbnailUrl":"https:\/\/starandsam.com\/wp-content\/uploads\/2026\/03\/star-gift-3.jpg","datePublished":"2026-03-02T17:10:20+00:00","dateModified":"2026-03-14T02:57:42+00:00","breadcrumb":{"@id":"https:\/\/starandsam.com\/registry\/#breadcrumb"},"inLanguage":"es","potentialAction":[{"@type":"ReadAction","target":["https:\/\/starandsam.com\/registry\/"]}]},{"@type":"ImageObject","inLanguage":"es","@id":"https:\/\/starandsam.com\/registry\/#primaryimage","url":"https:\/\/starandsam.com\/wp-content\/uploads\/2026\/03\/star-gift-3.jpg","contentUrl":"https:\/\/starandsam.com\/wp-content\/uploads\/2026\/03\/star-gift-3.jpg"},{"@type":"BreadcrumbList","@id":"https:\/\/starandsam.com\/registry\/#breadcrumb","itemListElement":[{"@type":"ListItem","position":1,"name":"Home","item":"https:\/\/starandsam.com\/"},{"@type":"ListItem","position":2,"name":"Registry"}]},{"@type":"WebSite","@id":"https:\/\/starandsam.com\/#website","url":"https:\/\/starandsam.com\/","name":"Star &amp; Samuel","description":"Join us in celebrating the love story of Star Illingworth and Samuel Santana. Explore our wedding details, photos, and registry information.","publisher":{"@id":"https:\/\/starandsam.com\/#organization"},"potentialAction":[{"@type":"SearchAction","target":{"@type":"EntryPoint","urlTemplate":"https:\/\/starandsam.com\/?s={search_term_string}"},"query-input":{"@type":"PropertyValueSpecification","valueRequired":true,"valueName":"search_term_string"}}],"inLanguage":"es"},{"@type":"Organization","@id":"https:\/\/starandsam.com\/#organization","name":"Star &amp; Samuel","url":"https:\/\/starandsam.com\/","logo":{"@type":"ImageObject","inLanguage":"es","@id":"https:\/\/starandsam.com\/#\/schema\/logo\/image\/","url":"https:\/\/i0.wp.com\/starandsam.com\/wp-content\/uploads\/2026\/03\/EoJ0w3F-selected.png?fit=343%2C90&ssl=1","contentUrl":"https:\/\/i0.wp.com\/starandsam.com\/wp-content\/uploads\/2026\/03\/EoJ0w3F-selected.png?fit=343%2C90&ssl=1","width":343,"height":90,"caption":"Star &amp; Samuel"},"image":{"@id":"https:\/\/starandsam.com\/#\/schema\/logo\/image\/"}}]}},"jetpack_sharing_enabled":true,"_links":{"self":[{"href":"https:\/\/starandsam.com\/es\/wp-json\/wp\/v2\/pages\/30","targetHints":{"allow":["GET"]}}],"collection":[{"href":"https:\/\/starandsam.com\/es\/wp-json\/wp\/v2\/pages"}],"about":[{"href":"https:\/\/starandsam.com\/es\/wp-json\/wp\/v2\/types\/page"}],"author":[{"embeddable":true,"href":"https:\/\/starandsam.com\/es\/wp-json\/wp\/v2\/users\/1"}],"replies":[{"embeddable":true,"href":"https:\/\/starandsam.com\/es\/wp-json\/wp\/v2\/comments?post=30"}],"version-history":[{"count":20,"href":"https:\/\/starandsam.com\/es\/wp-json\/wp\/v2\/pages\/30\/revisions"}],"predecessor-version":[{"id":369,"href":"https:\/\/starandsam.com\/es\/wp-json\/wp\/v2\/pages\/30\/revisions\/369"}],"wp:attachment":[{"href":"https:\/\/starandsam.com\/es\/wp-json\/wp\/v2\/media?parent=30"}],"curies":[{"name":"wp","href":"https:\/\/api.w.org\/{rel}","templated":true}]}}