{"id":174,"date":"2026-03-06T02:53:08","date_gmt":"2026-03-06T02:53:08","guid":{"rendered":"https:\/\/starandsam.com\/?page_id=174"},"modified":"2026-03-13T16:34:46","modified_gmt":"2026-03-13T16:34:46","slug":"our-story","status":"publish","type":"page","link":"https:\/\/starandsam.com\/es\/our-story\/","title":{"rendered":"Nuestra Historia"},"content":{"rendered":"<div class=\"wp-block-cover alignfull has-custom-content-position is-position-bottom-center\"><img data-recalc-dims=\"1\" decoding=\"async\" width=\"1024\" height=\"532\" loading=\"lazy\" class=\"wp-block-cover__image-background wp-image-187 size-large\" alt=\"\" src=\"https:\/\/i0.wp.com\/starandsam.com\/wp-content\/uploads\/2026\/03\/mini-golf5.webp?resize=1024%2C532&#038;ssl=1\" data-object-fit=\"cover\" srcset=\"https:\/\/i0.wp.com\/starandsam.com\/wp-content\/uploads\/2026\/03\/mini-golf5-scaled.webp?resize=1024%2C532&amp;ssl=1 1024w, https:\/\/i0.wp.com\/starandsam.com\/wp-content\/uploads\/2026\/03\/mini-golf5-scaled.webp?resize=300%2C156&amp;ssl=1 300w, https:\/\/i0.wp.com\/starandsam.com\/wp-content\/uploads\/2026\/03\/mini-golf5-scaled.webp?resize=768%2C399&amp;ssl=1 768w, https:\/\/i0.wp.com\/starandsam.com\/wp-content\/uploads\/2026\/03\/mini-golf5-scaled.webp?resize=1536%2C798&amp;ssl=1 1536w, https:\/\/i0.wp.com\/starandsam.com\/wp-content\/uploads\/2026\/03\/mini-golf5-scaled.webp?resize=2048%2C1064&amp;ssl=1 2048w\" sizes=\"auto, (max-width: 1000px) 100vw, 1000px\" \/><span aria-hidden=\"true\" class=\"wp-block-cover__background has-background-dim-40 has-background-dim wp-block-cover__gradient-background has-background-gradient\" style=\"background:linear-gradient(0deg,rgb(0,0,0) 0%,rgba(0,0,0,0.8) 37%,rgba(155,81,224,0) 81%)\"><\/span><div class=\"wp-block-cover__inner-container has-global-padding is-layout-constrained wp-block-cover-is-layout-constrained\">\n<h1 class=\"is-style-default wp-block-heading has-text-align-center has-xx-large-font-size\"><strong>Nuestra Historia<\/strong><\/h1>\n<\/div><\/div>\n\n\n\n<div class=\"wp-block-group has-global-padding is-layout-constrained wp-block-group-is-layout-constrained\" style=\"padding-top:var(--wp--preset--spacing--50);padding-bottom:var(--wp--preset--spacing--50)\">\n<h3 class=\"wp-block-heading\"><strong>Principios de 2024<\/strong><\/h3>\n\n\n\n<p class=\"\">Star y Samuel se conocieron a trav\u00e9s de una amiga en com\u00fan, que les dijo a ambos: \"Conozco a alguien quien es perfecto para ti!\" Dispuestos a tenerle fe a la amiga, los dos intercambiaron n\u00fameros. Tras unos cuantos mensajes divertidos y chistosos, Star y Sam notaron que iban a tener una relaci\u00f3n rom\u00e1ntica y din\u00e1mica. Entre poco llenaron sus d\u00edas con citas de cena, ir a bailes, y conocer eventos locales juntos. As\u00ed fue como empezaron a notar una chispa entre ellos.<\/p>\n\n\n\n<h3 class=\"wp-block-heading\"><strong>Febrero 2026<\/strong><\/h3>\n\n\n\n<p class=\"\">Despu\u00e9s de casi dos a\u00f1os de noviazgo, Sam llev\u00f3 a Star a un concierto de Coldplay en el Ritz Carlton, en Rancho Mirage. El sal\u00f3n de baile resplandec\u00eda y la m\u00fasica del cuarteto de cuerdas creaba un ambiente verdaderamente m\u00e1gico. Al finalizar el espect\u00e1culo, Sam condujo a Star hacia el escenario que estaba iluminado por velas y entreg\u00f3 su tel\u00e9fono a un desconocido para que les tomara una foto. Mientras se dispon\u00eda a posar para la c\u00e1mara, Star se dio la vuelta y encontr\u00f3 a Sam arrodillado, con el estuche del anillo en la mano. Fue entonces que Sam pregunt\u00f3 con mucha calma: \"Star, \u00bfquieres casarte conmigo?\" Sorprendida, Star asimil\u00f3 r\u00e1pidamente la pregunta y respondi\u00f3: \"\u00a1S\u00ed! \u00a1Por supuesto que me casar\u00e9 contigo!\" El hermoso momento fue celebrado r\u00e1pidamente con felices besos entre la pareja, y aplausos de la gente alrededor.<\/p>\n\n\n\n<p class=\"\">Para celebrarlo, regresaron en coche al restaurante Fresh Agave, el lugar exacto de su primera cita. Durante el trayecto, desbordada de alegr\u00eda, Star pregunt\u00f3: \"\u00bfQu\u00e9 hacemos ahora?\" Sin dudarlo un instante, Sam respondi\u00f3 con las palabras que ella siempre hab\u00eda esperado o\u00edr: \"Nos casaremos, me ir\u00e9 a vivir contigo y tendremos hijos. Viviremos juntos por siempre jam\u00e1s.\"<\/p>\n\n\n\n<p class=\"\">Ahora, Sam y Star est\u00e1n emocionados por celebrar el comienzo de este nuevo cap\u00edtulo en matrimonio con familiares y amigos.<\/p>\n<\/div>\n\n\n\n<div class=\"wp-block-group alignfull has-accent-1-background-color has-background has-global-padding is-layout-constrained wp-block-group-is-layout-constrained\" style=\"margin-top:0;margin-bottom:0;padding-top:var(--wp--preset--spacing--50);padding-bottom:var(--wp--preset--spacing--50)\">\n<div class=\"wp-block-group has-global-padding is-layout-constrained wp-block-group-is-layout-constrained\" style=\"padding-top:0;padding-bottom:0\">\n<h2 class=\"wp-block-heading has-text-align-center has-contrast-color has-text-color has-link-color has-x-large-font-size wp-elements-2acf59793303ff5488aa3648d081267e\" style=\"margin-top:0;margin-bottom:var(--wp--preset--spacing--50)\"><strong>A Trav\u00e9s de los A\u00f1os<\/strong><\/h2>\n\n\n\n<figure class=\"wp-block-gallery has-nested-images columns-default is-cropped wp-block-gallery-1 is-layout-flex wp-block-gallery-is-layout-flex\">\n<figure class=\"wp-block-image size-large\"><img data-recalc-dims=\"1\" decoding=\"async\" width=\"768\" height=\"1024\" loading=\"lazy\" data-id=\"199\" src=\"https:\/\/i0.wp.com\/starandsam.com\/wp-content\/uploads\/2026\/03\/smug.webp?resize=768%2C1024&#038;ssl=1\" alt=\"\" class=\"wp-image-199\" srcset=\"https:\/\/i0.wp.com\/starandsam.com\/wp-content\/uploads\/2026\/03\/smug.webp?resize=768%2C1024&amp;ssl=1 768w, https:\/\/i0.wp.com\/starandsam.com\/wp-content\/uploads\/2026\/03\/smug.webp?resize=225%2C300&amp;ssl=1 225w, https:\/\/i0.wp.com\/starandsam.com\/wp-content\/uploads\/2026\/03\/smug.webp?w=900&amp;ssl=1 900w\" sizes=\"auto, (max-width: 768px) 100vw, 768px\" \/><\/figure>\n\n\n\n<figure class=\"wp-block-image size-large\"><img data-recalc-dims=\"1\" decoding=\"async\" width=\"767\" height=\"1024\" loading=\"lazy\" data-id=\"212\" src=\"https:\/\/i0.wp.com\/starandsam.com\/wp-content\/uploads\/2026\/03\/portrait.webp?resize=767%2C1024&#038;ssl=1\" alt=\"\" class=\"wp-image-212\" srcset=\"https:\/\/i0.wp.com\/starandsam.com\/wp-content\/uploads\/2026\/03\/portrait.webp?resize=767%2C1024&amp;ssl=1 767w, https:\/\/i0.wp.com\/starandsam.com\/wp-content\/uploads\/2026\/03\/portrait.webp?resize=225%2C300&amp;ssl=1 225w, https:\/\/i0.wp.com\/starandsam.com\/wp-content\/uploads\/2026\/03\/portrait.webp?resize=768%2C1025&amp;ssl=1 768w, https:\/\/i0.wp.com\/starandsam.com\/wp-content\/uploads\/2026\/03\/portrait.webp?w=900&amp;ssl=1 900w\" sizes=\"auto, (max-width: 767px) 100vw, 767px\" \/><\/figure>\n\n\n\n<figure class=\"wp-block-image size-large\"><img data-recalc-dims=\"1\" decoding=\"async\" width=\"771\" height=\"1024\" loading=\"lazy\" data-id=\"196\" src=\"https:\/\/i0.wp.com\/starandsam.com\/wp-content\/uploads\/2026\/03\/barts.webp?resize=771%2C1024&#038;ssl=1\" alt=\"\" class=\"wp-image-196\" srcset=\"https:\/\/i0.wp.com\/starandsam.com\/wp-content\/uploads\/2026\/03\/barts.webp?resize=771%2C1024&amp;ssl=1 771w, https:\/\/i0.wp.com\/starandsam.com\/wp-content\/uploads\/2026\/03\/barts.webp?resize=226%2C300&amp;ssl=1 226w, https:\/\/i0.wp.com\/starandsam.com\/wp-content\/uploads\/2026\/03\/barts.webp?resize=768%2C1020&amp;ssl=1 768w, https:\/\/i0.wp.com\/starandsam.com\/wp-content\/uploads\/2026\/03\/barts.webp?w=900&amp;ssl=1 900w\" sizes=\"auto, (max-width: 771px) 100vw, 771px\" \/><\/figure>\n\n\n\n<figure class=\"wp-block-image size-large\"><img data-recalc-dims=\"1\" decoding=\"async\" width=\"771\" height=\"1024\" loading=\"lazy\" data-id=\"211\" src=\"https:\/\/i0.wp.com\/starandsam.com\/wp-content\/uploads\/2026\/03\/sushi.webp?resize=771%2C1024&#038;ssl=1\" alt=\"\" class=\"wp-image-211\" srcset=\"https:\/\/i0.wp.com\/starandsam.com\/wp-content\/uploads\/2026\/03\/sushi.webp?resize=771%2C1024&amp;ssl=1 771w, https:\/\/i0.wp.com\/starandsam.com\/wp-content\/uploads\/2026\/03\/sushi.webp?resize=226%2C300&amp;ssl=1 226w, https:\/\/i0.wp.com\/starandsam.com\/wp-content\/uploads\/2026\/03\/sushi.webp?resize=768%2C1021&amp;ssl=1 768w, https:\/\/i0.wp.com\/starandsam.com\/wp-content\/uploads\/2026\/03\/sushi.webp?w=900&amp;ssl=1 900w\" sizes=\"auto, (max-width: 771px) 100vw, 771px\" \/><\/figure>\n\n\n\n<figure class=\"wp-block-image size-large\"><img data-recalc-dims=\"1\" decoding=\"async\" width=\"771\" height=\"1024\" loading=\"lazy\" data-id=\"198\" src=\"https:\/\/i0.wp.com\/starandsam.com\/wp-content\/uploads\/2026\/03\/waluigi-wario.webp?resize=771%2C1024&#038;ssl=1\" alt=\"\" class=\"wp-image-198\" srcset=\"https:\/\/i0.wp.com\/starandsam.com\/wp-content\/uploads\/2026\/03\/waluigi-wario.webp?resize=771%2C1024&amp;ssl=1 771w, https:\/\/i0.wp.com\/starandsam.com\/wp-content\/uploads\/2026\/03\/waluigi-wario.webp?resize=226%2C300&amp;ssl=1 226w, https:\/\/i0.wp.com\/starandsam.com\/wp-content\/uploads\/2026\/03\/waluigi-wario.webp?resize=768%2C1020&amp;ssl=1 768w, https:\/\/i0.wp.com\/starandsam.com\/wp-content\/uploads\/2026\/03\/waluigi-wario.webp?w=900&amp;ssl=1 900w\" sizes=\"auto, (max-width: 771px) 100vw, 771px\" \/><\/figure>\n\n\n\n<figure class=\"wp-block-image size-large\"><img data-recalc-dims=\"1\" decoding=\"async\" width=\"768\" height=\"1024\" loading=\"lazy\" data-id=\"209\" src=\"https:\/\/i0.wp.com\/starandsam.com\/wp-content\/uploads\/2026\/03\/candy-cane.webp?resize=768%2C1024&#038;ssl=1\" alt=\"\" class=\"wp-image-209\" srcset=\"https:\/\/i0.wp.com\/starandsam.com\/wp-content\/uploads\/2026\/03\/candy-cane.webp?resize=768%2C1024&amp;ssl=1 768w, https:\/\/i0.wp.com\/starandsam.com\/wp-content\/uploads\/2026\/03\/candy-cane.webp?resize=225%2C300&amp;ssl=1 225w, https:\/\/i0.wp.com\/starandsam.com\/wp-content\/uploads\/2026\/03\/candy-cane.webp?w=900&amp;ssl=1 900w\" sizes=\"auto, (max-width: 768px) 100vw, 768px\" \/><\/figure>\n\n\n\n<figure class=\"wp-block-image size-large\"><img data-recalc-dims=\"1\" decoding=\"async\" width=\"762\" height=\"1024\" loading=\"lazy\" data-id=\"213\" src=\"https:\/\/i0.wp.com\/starandsam.com\/wp-content\/uploads\/2026\/03\/running.webp?resize=762%2C1024&#038;ssl=1\" alt=\"\" class=\"wp-image-213\" srcset=\"https:\/\/i0.wp.com\/starandsam.com\/wp-content\/uploads\/2026\/03\/running.webp?resize=762%2C1024&amp;ssl=1 762w, https:\/\/i0.wp.com\/starandsam.com\/wp-content\/uploads\/2026\/03\/running.webp?resize=223%2C300&amp;ssl=1 223w, https:\/\/i0.wp.com\/starandsam.com\/wp-content\/uploads\/2026\/03\/running.webp?resize=768%2C1033&amp;ssl=1 768w, https:\/\/i0.wp.com\/starandsam.com\/wp-content\/uploads\/2026\/03\/running.webp?w=900&amp;ssl=1 900w\" sizes=\"auto, (max-width: 762px) 100vw, 762px\" \/><\/figure>\n\n\n\n<figure class=\"wp-block-image size-large\"><img data-recalc-dims=\"1\" decoding=\"async\" width=\"768\" height=\"1024\" loading=\"lazy\" data-id=\"201\" src=\"https:\/\/i0.wp.com\/starandsam.com\/wp-content\/uploads\/2026\/03\/flower-delivery.webp?resize=768%2C1024&#038;ssl=1\" alt=\"\" class=\"wp-image-201\" srcset=\"https:\/\/i0.wp.com\/starandsam.com\/wp-content\/uploads\/2026\/03\/flower-delivery.webp?resize=768%2C1024&amp;ssl=1 768w, https:\/\/i0.wp.com\/starandsam.com\/wp-content\/uploads\/2026\/03\/flower-delivery.webp?resize=225%2C300&amp;ssl=1 225w, https:\/\/i0.wp.com\/starandsam.com\/wp-content\/uploads\/2026\/03\/flower-delivery.webp?w=900&amp;ssl=1 900w\" sizes=\"auto, (max-width: 768px) 100vw, 768px\" \/><\/figure>\n\n\n\n<figure class=\"wp-block-image size-large\"><img data-recalc-dims=\"1\" decoding=\"async\" width=\"768\" height=\"1024\" loading=\"lazy\" data-id=\"197\" src=\"https:\/\/i0.wp.com\/starandsam.com\/wp-content\/uploads\/2026\/03\/IMG_20251109_175422_318.jpg?resize=768%2C1024&#038;ssl=1\" alt=\"\" class=\"wp-image-197\" srcset=\"https:\/\/i0.wp.com\/starandsam.com\/wp-content\/uploads\/2026\/03\/IMG_20251109_175422_318.jpg?resize=768%2C1024&amp;ssl=1 768w, https:\/\/i0.wp.com\/starandsam.com\/wp-content\/uploads\/2026\/03\/IMG_20251109_175422_318.jpg?resize=225%2C300&amp;ssl=1 225w, https:\/\/i0.wp.com\/starandsam.com\/wp-content\/uploads\/2026\/03\/IMG_20251109_175422_318.jpg?w=810&amp;ssl=1 810w\" sizes=\"auto, (max-width: 768px) 100vw, 768px\" \/><\/figure>\n\n\n\n<figure class=\"wp-block-image size-large\"><img data-recalc-dims=\"1\" decoding=\"async\" width=\"768\" height=\"1024\" loading=\"lazy\" data-id=\"208\" src=\"https:\/\/i0.wp.com\/starandsam.com\/wp-content\/uploads\/2026\/03\/christmas-boat.webp?resize=768%2C1024&#038;ssl=1\" alt=\"\" class=\"wp-image-208\" srcset=\"https:\/\/i0.wp.com\/starandsam.com\/wp-content\/uploads\/2026\/03\/christmas-boat.webp?resize=768%2C1024&amp;ssl=1 768w, https:\/\/i0.wp.com\/starandsam.com\/wp-content\/uploads\/2026\/03\/christmas-boat.webp?resize=225%2C300&amp;ssl=1 225w, https:\/\/i0.wp.com\/starandsam.com\/wp-content\/uploads\/2026\/03\/christmas-boat.webp?w=900&amp;ssl=1 900w\" sizes=\"auto, (max-width: 768px) 100vw, 768px\" \/><\/figure>\n\n\n\n<figure class=\"wp-block-image size-large\"><img data-recalc-dims=\"1\" decoding=\"async\" width=\"771\" height=\"1024\" loading=\"lazy\" data-id=\"200\" src=\"https:\/\/i0.wp.com\/starandsam.com\/wp-content\/uploads\/2026\/03\/sams-new-glasses.webp?resize=771%2C1024&#038;ssl=1\" alt=\"\" class=\"wp-image-200\" srcset=\"https:\/\/i0.wp.com\/starandsam.com\/wp-content\/uploads\/2026\/03\/sams-new-glasses.webp?resize=771%2C1024&amp;ssl=1 771w, https:\/\/i0.wp.com\/starandsam.com\/wp-content\/uploads\/2026\/03\/sams-new-glasses.webp?resize=226%2C300&amp;ssl=1 226w, https:\/\/i0.wp.com\/starandsam.com\/wp-content\/uploads\/2026\/03\/sams-new-glasses.webp?resize=768%2C1020&amp;ssl=1 768w, https:\/\/i0.wp.com\/starandsam.com\/wp-content\/uploads\/2026\/03\/sams-new-glasses.webp?w=900&amp;ssl=1 900w\" sizes=\"auto, (max-width: 771px) 100vw, 771px\" \/><\/figure>\n\n\n\n<figure class=\"wp-block-image size-large\"><img data-recalc-dims=\"1\" decoding=\"async\" width=\"768\" height=\"1024\" loading=\"lazy\" data-id=\"210\" src=\"https:\/\/i0.wp.com\/starandsam.com\/wp-content\/uploads\/2026\/03\/chick-fil-a-valentines.webp?resize=768%2C1024&#038;ssl=1\" alt=\"\" class=\"wp-image-210\" srcset=\"https:\/\/i0.wp.com\/starandsam.com\/wp-content\/uploads\/2026\/03\/chick-fil-a-valentines.webp?resize=768%2C1024&amp;ssl=1 768w, https:\/\/i0.wp.com\/starandsam.com\/wp-content\/uploads\/2026\/03\/chick-fil-a-valentines.webp?resize=225%2C300&amp;ssl=1 225w, https:\/\/i0.wp.com\/starandsam.com\/wp-content\/uploads\/2026\/03\/chick-fil-a-valentines.webp?w=900&amp;ssl=1 900w\" sizes=\"auto, (max-width: 768px) 100vw, 768px\" \/><\/figure>\n<\/figure>\n<\/div>\n<\/div>\n\n\n\n<div class=\"is-style-nfd-theme-light wp-block-group has-accent-1-background-color has-background has-global-padding is-layout-constrained wp-block-group-is-layout-constrained\" style=\"border-top-left-radius:25px;border-top-right-radius:25px;border-bottom-left-radius:25px;border-bottom-right-radius:25px;margin-top:var(--wp--preset--spacing--50);margin-bottom:var(--wp--preset--spacing--50);padding-top:var(--wp--preset--spacing--50);padding-bottom:var(--wp--preset--spacing--50)\">\n<h2 class=\"wp-block-heading has-text-align-center has-contrast-color has-text-color has-link-color wp-elements-ced8b2304c0f8493de97d46a80657c31\">\u00bfListo para Celebrar?<\/h2>\n\n\n\n<div class=\"wp-block-buttons is-content-justification-center is-layout-flex wp-container-core-buttons-is-layout-a89b3969 wp-block-buttons-is-layout-flex\">\n<div class=\"wp-block-button\"><a class=\"wp-block-button__link has-text-align-center wp-element-button\" href=\"https:\/\/starandsam.com\/es\/rsvp\/\">Confirmar Asistencia<\/a><\/div>\n<\/div>\n<\/div>","protected":false},"excerpt":{"rendered":"<p>Early 2024 Star and Samuel met each other through a mutual friend, who told them both, &#8220;I know someone who\u2019s perfect for you.&#8221; Willing to give it a chance, they exchanged numbers. A few fun and hilarious texts later, Star and Sam knew that they were going to have an interesting dynamic relationship. Filling their [&hellip;]<\/p>\n","protected":false},"author":1,"featured_media":0,"parent":0,"menu_order":0,"comment_status":"closed","ping_status":"closed","template":"page-no-title","meta":{"nf_dc_page":"","_monsterinsights_skip_tracking":false,"_monsterinsights_sitenote_active":false,"_monsterinsights_sitenote_note":"","_monsterinsights_sitenote_category":0,"footnotes":""},"class_list":["post-174","page","type-page","status-publish","hentry"],"yoast_head":"<!-- This site is optimized with the Yoast SEO plugin v27.5 - https:\/\/yoast.com\/product\/yoast-seo-wordpress\/ -->\n<title>Our Story - Star &amp; Samuel<\/title>\n<meta name=\"robots\" content=\"index, follow, max-snippet:-1, max-image-preview:large, max-video-preview:-1\" \/>\n<link rel=\"canonical\" href=\"https:\/\/starandsam.com\/es\/our-story\/\" \/>\n<meta property=\"og:locale\" content=\"es_MX\" \/>\n<meta property=\"og:type\" content=\"article\" \/>\n<meta property=\"og:title\" content=\"Our Story - Star &amp; Samuel\" \/>\n<meta property=\"og:description\" content=\"Early 2024 Star and Samuel met each other through a mutual friend, who told them both, &#8220;I know someone who\u2019s perfect for you.&#8221; Willing to give it a chance, they exchanged numbers. A few fun and hilarious texts later, Star and Sam knew that they were going to have an interesting dynamic relationship. Filling their [&hellip;]\" \/>\n<meta property=\"og:url\" content=\"https:\/\/starandsam.com\/es\/our-story\/\" \/>\n<meta property=\"og:site_name\" content=\"Star &amp; Samuel\" \/>\n<meta property=\"article:modified_time\" content=\"2026-03-13T16:34:46+00:00\" \/>\n<meta property=\"og:image\" content=\"https:\/\/starandsam.com\/wp-content\/uploads\/2026\/03\/mini-golf5-1024x532.webp\" \/>\n<meta name=\"twitter:card\" content=\"summary_large_image\" \/>\n<meta name=\"twitter:label1\" content=\"Tiempo de lectura\" \/>\n\t<meta name=\"twitter:data1\" content=\"4 minutos\" \/>\n<script type=\"application\/ld+json\" class=\"yoast-schema-graph\">{\"@context\":\"https:\\\/\\\/schema.org\",\"@graph\":[{\"@type\":\"WebPage\",\"@id\":\"https:\\\/\\\/starandsam.com\\\/our-story\\\/\",\"url\":\"https:\\\/\\\/starandsam.com\\\/our-story\\\/\",\"name\":\"Our Story - Star &amp; Samuel\",\"isPartOf\":{\"@id\":\"https:\\\/\\\/starandsam.com\\\/#website\"},\"primaryImageOfPage\":{\"@id\":\"https:\\\/\\\/starandsam.com\\\/our-story\\\/#primaryimage\"},\"image\":{\"@id\":\"https:\\\/\\\/starandsam.com\\\/our-story\\\/#primaryimage\"},\"thumbnailUrl\":\"https:\\\/\\\/starandsam.com\\\/wp-content\\\/uploads\\\/2026\\\/03\\\/mini-golf5-1024x532.webp\",\"datePublished\":\"2026-03-06T02:53:08+00:00\",\"dateModified\":\"2026-03-13T16:34:46+00:00\",\"breadcrumb\":{\"@id\":\"https:\\\/\\\/starandsam.com\\\/our-story\\\/#breadcrumb\"},\"inLanguage\":\"es\",\"potentialAction\":[{\"@type\":\"ReadAction\",\"target\":[\"https:\\\/\\\/starandsam.com\\\/our-story\\\/\"]}]},{\"@type\":\"ImageObject\",\"inLanguage\":\"es\",\"@id\":\"https:\\\/\\\/starandsam.com\\\/our-story\\\/#primaryimage\",\"url\":\"https:\\\/\\\/starandsam.com\\\/wp-content\\\/uploads\\\/2026\\\/03\\\/mini-golf5-1024x532.webp\",\"contentUrl\":\"https:\\\/\\\/starandsam.com\\\/wp-content\\\/uploads\\\/2026\\\/03\\\/mini-golf5-1024x532.webp\"},{\"@type\":\"BreadcrumbList\",\"@id\":\"https:\\\/\\\/starandsam.com\\\/our-story\\\/#breadcrumb\",\"itemListElement\":[{\"@type\":\"ListItem\",\"position\":1,\"name\":\"Home\",\"item\":\"https:\\\/\\\/starandsam.com\\\/\"},{\"@type\":\"ListItem\",\"position\":2,\"name\":\"Our Story\"}]},{\"@type\":\"WebSite\",\"@id\":\"https:\\\/\\\/starandsam.com\\\/#website\",\"url\":\"https:\\\/\\\/starandsam.com\\\/\",\"name\":\"Star &amp; Samuel\",\"description\":\"Join us in celebrating the love story of Star Illingworth and Samuel Santana. Explore our wedding details, photos, and registry information.\",\"publisher\":{\"@id\":\"https:\\\/\\\/starandsam.com\\\/#organization\"},\"potentialAction\":[{\"@type\":\"SearchAction\",\"target\":{\"@type\":\"EntryPoint\",\"urlTemplate\":\"https:\\\/\\\/starandsam.com\\\/?s={search_term_string}\"},\"query-input\":{\"@type\":\"PropertyValueSpecification\",\"valueRequired\":true,\"valueName\":\"search_term_string\"}}],\"inLanguage\":\"es\"},{\"@type\":\"Organization\",\"@id\":\"https:\\\/\\\/starandsam.com\\\/#organization\",\"name\":\"Star &amp; Samuel\",\"url\":\"https:\\\/\\\/starandsam.com\\\/\",\"logo\":{\"@type\":\"ImageObject\",\"inLanguage\":\"es\",\"@id\":\"https:\\\/\\\/starandsam.com\\\/#\\\/schema\\\/logo\\\/image\\\/\",\"url\":\"https:\\\/\\\/i0.wp.com\\\/starandsam.com\\\/wp-content\\\/uploads\\\/2026\\\/03\\\/EoJ0w3F-selected.png?fit=343%2C90&ssl=1\",\"contentUrl\":\"https:\\\/\\\/i0.wp.com\\\/starandsam.com\\\/wp-content\\\/uploads\\\/2026\\\/03\\\/EoJ0w3F-selected.png?fit=343%2C90&ssl=1\",\"width\":343,\"height\":90,\"caption\":\"Star &amp; Samuel\"},\"image\":{\"@id\":\"https:\\\/\\\/starandsam.com\\\/#\\\/schema\\\/logo\\\/image\\\/\"}}]}<\/script>\n<!-- \/ Yoast SEO plugin. -->","yoast_head_json":{"title":"Our Story - Star &amp; Samuel","robots":{"index":"index","follow":"follow","max-snippet":"max-snippet:-1","max-image-preview":"max-image-preview:large","max-video-preview":"max-video-preview:-1"},"canonical":"https:\/\/starandsam.com\/es\/our-story\/","og_locale":"es_MX","og_type":"article","og_title":"Our Story - Star &amp; Samuel","og_description":"Early 2024 Star and Samuel met each other through a mutual friend, who told them both, &#8220;I know someone who\u2019s perfect for you.&#8221; Willing to give it a chance, they exchanged numbers. A few fun and hilarious texts later, Star and Sam knew that they were going to have an interesting dynamic relationship. Filling their [&hellip;]","og_url":"https:\/\/starandsam.com\/es\/our-story\/","og_site_name":"Star &amp; Samuel","article_modified_time":"2026-03-13T16:34:46+00:00","og_image":[{"url":"https:\/\/starandsam.com\/wp-content\/uploads\/2026\/03\/mini-golf5-1024x532.webp","type":"","width":"","height":""}],"twitter_card":"summary_large_image","twitter_misc":{"Tiempo de lectura":"4 minutos"},"schema":{"@context":"https:\/\/schema.org","@graph":[{"@type":"WebPage","@id":"https:\/\/starandsam.com\/our-story\/","url":"https:\/\/starandsam.com\/our-story\/","name":"Our Story - Star &amp; Samuel","isPartOf":{"@id":"https:\/\/starandsam.com\/#website"},"primaryImageOfPage":{"@id":"https:\/\/starandsam.com\/our-story\/#primaryimage"},"image":{"@id":"https:\/\/starandsam.com\/our-story\/#primaryimage"},"thumbnailUrl":"https:\/\/starandsam.com\/wp-content\/uploads\/2026\/03\/mini-golf5-1024x532.webp","datePublished":"2026-03-06T02:53:08+00:00","dateModified":"2026-03-13T16:34:46+00:00","breadcrumb":{"@id":"https:\/\/starandsam.com\/our-story\/#breadcrumb"},"inLanguage":"es","potentialAction":[{"@type":"ReadAction","target":["https:\/\/starandsam.com\/our-story\/"]}]},{"@type":"ImageObject","inLanguage":"es","@id":"https:\/\/starandsam.com\/our-story\/#primaryimage","url":"https:\/\/starandsam.com\/wp-content\/uploads\/2026\/03\/mini-golf5-1024x532.webp","contentUrl":"https:\/\/starandsam.com\/wp-content\/uploads\/2026\/03\/mini-golf5-1024x532.webp"},{"@type":"BreadcrumbList","@id":"https:\/\/starandsam.com\/our-story\/#breadcrumb","itemListElement":[{"@type":"ListItem","position":1,"name":"Home","item":"https:\/\/starandsam.com\/"},{"@type":"ListItem","position":2,"name":"Our Story"}]},{"@type":"WebSite","@id":"https:\/\/starandsam.com\/#website","url":"https:\/\/starandsam.com\/","name":"Star &amp; Samuel","description":"Join us in celebrating the love story of Star Illingworth and Samuel Santana. Explore our wedding details, photos, and registry information.","publisher":{"@id":"https:\/\/starandsam.com\/#organization"},"potentialAction":[{"@type":"SearchAction","target":{"@type":"EntryPoint","urlTemplate":"https:\/\/starandsam.com\/?s={search_term_string}"},"query-input":{"@type":"PropertyValueSpecification","valueRequired":true,"valueName":"search_term_string"}}],"inLanguage":"es"},{"@type":"Organization","@id":"https:\/\/starandsam.com\/#organization","name":"Star &amp; Samuel","url":"https:\/\/starandsam.com\/","logo":{"@type":"ImageObject","inLanguage":"es","@id":"https:\/\/starandsam.com\/#\/schema\/logo\/image\/","url":"https:\/\/i0.wp.com\/starandsam.com\/wp-content\/uploads\/2026\/03\/EoJ0w3F-selected.png?fit=343%2C90&ssl=1","contentUrl":"https:\/\/i0.wp.com\/starandsam.com\/wp-content\/uploads\/2026\/03\/EoJ0w3F-selected.png?fit=343%2C90&ssl=1","width":343,"height":90,"caption":"Star &amp; Samuel"},"image":{"@id":"https:\/\/starandsam.com\/#\/schema\/logo\/image\/"}}]}},"jetpack_sharing_enabled":true,"_links":{"self":[{"href":"https:\/\/starandsam.com\/es\/wp-json\/wp\/v2\/pages\/174","targetHints":{"allow":["GET"]}}],"collection":[{"href":"https:\/\/starandsam.com\/es\/wp-json\/wp\/v2\/pages"}],"about":[{"href":"https:\/\/starandsam.com\/es\/wp-json\/wp\/v2\/types\/page"}],"author":[{"embeddable":true,"href":"https:\/\/starandsam.com\/es\/wp-json\/wp\/v2\/users\/1"}],"replies":[{"embeddable":true,"href":"https:\/\/starandsam.com\/es\/wp-json\/wp\/v2\/comments?post=174"}],"version-history":[{"count":20,"href":"https:\/\/starandsam.com\/es\/wp-json\/wp\/v2\/pages\/174\/revisions"}],"predecessor-version":[{"id":357,"href":"https:\/\/starandsam.com\/es\/wp-json\/wp\/v2\/pages\/174\/revisions\/357"}],"wp:attachment":[{"href":"https:\/\/starandsam.com\/es\/wp-json\/wp\/v2\/media?parent=174"}],"curies":[{"name":"wp","href":"https:\/\/api.w.org\/{rel}","templated":true}]}}